{"id":5587,"date":"2013-07-30T13:33:43","date_gmt":"2013-07-30T13:33:43","guid":{"rendered":"http:\/\/javierfalco.com\/portfolio\/?page_id=5587"},"modified":"2024-11-14T21:05:28","modified_gmt":"2024-11-14T21:05:28","slug":"lorenzo-chilica","status":"publish","type":"page","link":"https:\/\/javierfalco.com\/portfolio\/lorenzo-chilica\/","title":{"rendered":"Lorenzo &#8220;Chilica&#8221;"},"content":{"rendered":"<p style=\"text-align: left; padding-left: 10px;\">Lorenzo &#8220;Chilica&#8221; es pastor de ovejas desde que era ni\u00f1o, al igual que su padre y su hermano. Hombre cercano, alegre y fuerte, a pesar de haberse tenido que operar de coraz\u00f3n para ponerse un baip\u00e1s. Tiene 68 a\u00f1os y naci\u00f3 en Hecho (Huesca). Todos los veranos se sube al Valle de Hecho con cerca de 1.000 ovejas a casi 2.000 metros de altura para poder acceder a los mejores pastos.<\/p>\n<style>.embed-container { position: relative; padding-bottom: 56.25%; height: 0; overflow: hidden; max-width: 100%; } .embed-container iframe, .embed-container object, .embed-container embed { position: absolute; top: 0; left: 0; width: 100%; height: 100%; }<\/style>\n<div class=\"embed-container\"><iframe loading=\"lazy\" src=\"https:\/\/www.youtube.com\/embed\/ReIWGk9Xyt8?si=PD651TJKzNkbWWG3\" width=\"1200\" height=\"675\" frameborder=\"0\" allowfullscreen=\"allowfullscreen\"><span data-mce-type=\"bookmark\" style=\"display: inline-block; width: 0px; overflow: hidden; line-height: 0;\" class=\"mce_SELRES_start\">\ufeff<\/span><\/iframe><\/div>\n","protected":false},"excerpt":{"rendered":"<p>Lorenzo &#8220;Chilica&#8221; es pastor de ovejas desde que era ni\u00f1o, al igual que su padre y &#8230; <\/p>\n","protected":false},"author":1,"featured_media":0,"parent":0,"menu_order":0,"comment_status":"closed","ping_status":"closed","template":"","meta":{"footnotes":""},"class_list":["post-5587","page","type-page","status-publish","hentry"],"_links":{"self":[{"href":"https:\/\/javierfalco.com\/portfolio\/wp-json\/wp\/v2\/pages\/5587","targetHints":{"allow":["GET"]}}],"collection":[{"href":"https:\/\/javierfalco.com\/portfolio\/wp-json\/wp\/v2\/pages"}],"about":[{"href":"https:\/\/javierfalco.com\/portfolio\/wp-json\/wp\/v2\/types\/page"}],"author":[{"embeddable":true,"href":"https:\/\/javierfalco.com\/portfolio\/wp-json\/wp\/v2\/users\/1"}],"replies":[{"embeddable":true,"href":"https:\/\/javierfalco.com\/portfolio\/wp-json\/wp\/v2\/comments?post=5587"}],"version-history":[{"count":11,"href":"https:\/\/javierfalco.com\/portfolio\/wp-json\/wp\/v2\/pages\/5587\/revisions"}],"predecessor-version":[{"id":7581,"href":"https:\/\/javierfalco.com\/portfolio\/wp-json\/wp\/v2\/pages\/5587\/revisions\/7581"}],"wp:attachment":[{"href":"https:\/\/javierfalco.com\/portfolio\/wp-json\/wp\/v2\/media?parent=5587"}],"curies":[{"name":"wp","href":"https:\/\/api.w.org\/{rel}","templated":true}]}}