{"id":5949,"date":"2017-06-16T15:33:52","date_gmt":"2017-06-16T15:33:52","guid":{"rendered":"http:\/\/javierfalco.com\/portfolio\/?page_id=5949"},"modified":"2024-11-14T21:08:05","modified_gmt":"2024-11-14T21:08:05","slug":"el-cielo-es-nuestro-techo-documental","status":"publish","type":"page","link":"https:\/\/javierfalco.com\/portfolio\/el-cielo-es-nuestro-techo-documental\/","title":{"rendered":"El cielo es nuestro techo"},"content":{"rendered":"<p style=\"padding-left: 10px;\">A\u00f1o 2013-2018<\/p>\n<p style=\"padding-left: 10px;\">Sinopsis: &#8220;El cielo es nuestro techo&#8221; es un documental que quiere explicar, a trav\u00e9s de sus propias voces, la lucha de las mariscadoras de Cedeira por tener (y mantener) un trabajo digno a pesar de haber tenido a sus pueblos, a algunas de las que m\u00e1s tarde ser\u00edan sus propias compa\u00f1eras, a la misma naturaleza, a los furtivos y al machismo de la Cofrad\u00eda de Pescadores de Cedeira, que no las quer\u00eda como socias, en su contra durante muchos a\u00f1os.<\/p>\n<style>.embed-container { position: relative; padding-bottom: 56.25%; height: 0; overflow: hidden; max-width: 100%; } .embed-container iframe, .embed-container object, .embed-container embed { position: absolute; top: 0; left: 0; width: 100%; height: 100%; }<\/style>\n<div class=\"embed-container\"><iframe loading=\"lazy\" src=\"https:\/\/www.youtube.com\/embed\/qW9XG8qyTms\" width=\"1200\" height=\"675\" frameborder=\"0\" allowfullscreen=\"allowfullscreen\"><\/iframe><\/div>\n","protected":false},"excerpt":{"rendered":"<p>A\u00f1o 2013-2018 Sinopsis: &#8220;El cielo es nuestro techo&#8221; es un documental que quiere explicar, a trav\u00e9s &#8230; <\/p>\n","protected":false},"author":1,"featured_media":0,"parent":0,"menu_order":0,"comment_status":"closed","ping_status":"closed","template":"","meta":{"footnotes":""},"class_list":["post-5949","page","type-page","status-publish","hentry"],"_links":{"self":[{"href":"https:\/\/javierfalco.com\/portfolio\/wp-json\/wp\/v2\/pages\/5949","targetHints":{"allow":["GET"]}}],"collection":[{"href":"https:\/\/javierfalco.com\/portfolio\/wp-json\/wp\/v2\/pages"}],"about":[{"href":"https:\/\/javierfalco.com\/portfolio\/wp-json\/wp\/v2\/types\/page"}],"author":[{"embeddable":true,"href":"https:\/\/javierfalco.com\/portfolio\/wp-json\/wp\/v2\/users\/1"}],"replies":[{"embeddable":true,"href":"https:\/\/javierfalco.com\/portfolio\/wp-json\/wp\/v2\/comments?post=5949"}],"version-history":[{"count":16,"href":"https:\/\/javierfalco.com\/portfolio\/wp-json\/wp\/v2\/pages\/5949\/revisions"}],"predecessor-version":[{"id":7585,"href":"https:\/\/javierfalco.com\/portfolio\/wp-json\/wp\/v2\/pages\/5949\/revisions\/7585"}],"wp:attachment":[{"href":"https:\/\/javierfalco.com\/portfolio\/wp-json\/wp\/v2\/media?parent=5949"}],"curies":[{"name":"wp","href":"https:\/\/api.w.org\/{rel}","templated":true}]}}